{"id":170,"date":"2023-10-23T08:53:05","date_gmt":"2023-10-23T12:53:05","guid":{"rendered":"https:\/\/landing.r-2.ca\/?page_id=170"},"modified":"2023-10-31T10:01:10","modified_gmt":"2023-10-31T14:01:10","slug":"landing-page-octobre-2023","status":"publish","type":"page","link":"https:\/\/landing.r-2.ca\/index.php\/landing-page-octobre-2023\/","title":{"rendered":"Landing Page \u2013 Octobre 2023"},"content":{"rendered":"\t\t<div data-elementor-type=\"wp-page\" data-elementor-id=\"170\" class=\"elementor elementor-170\" data-elementor-post-type=\"page\">\n\t\t\t\t\t\t\t\t\t<section class=\"elementor-section elementor-top-section elementor-element elementor-element-1c2cec6 elementor-section-height-full elementor-section-boxed elementor-section-height-default elementor-section-items-middle\" data-id=\"1c2cec6\" data-element_type=\"section\" data-settings=\"{&quot;background_background&quot;:&quot;classic&quot;}\">\n\t\t\t\t\t\t<div class=\"elementor-container elementor-column-gap-default\">\n\t\t\t\t\t<div class=\"elementor-column elementor-col-100 elementor-top-column elementor-element elementor-element-3880721\" data-id=\"3880721\" data-element_type=\"column\">\n\t\t\t<div class=\"elementor-widget-wrap elementor-element-populated\">\n\t\t\t\t\t\t\t\t<div class=\"elementor-element elementor-element-7547e8b elementor-widget elementor-widget-wp-widget-nav_menu\" data-id=\"7547e8b\" data-element_type=\"widget\" data-widget_type=\"wp-widget-nav_menu.default\">\n\t\t\t\t<div class=\"elementor-widget-container\">\n\t\t\t<div class=\"menu-selecteur-de-language-container\"><ul id=\"menu-selecteur-de-language\" class=\"menu\"><li id=\"menu-item-wpml-ls-11-en\" class=\"menu-item wpml-ls-slot-11 wpml-ls-item wpml-ls-item-en wpml-ls-menu-item wpml-ls-first-item wpml-ls-last-item menu-item-type-wpml_ls_menu_item menu-item-object-wpml_ls_menu_item menu-item-wpml-ls-11-en\"><a href=\"http:\/\/landing.r-2.ca\/en\/\" title=\"Passer \u00e0 English\"><span class=\"wpml-ls-native\" lang=\"en\">English<\/span><\/a><\/li>\n<\/ul><\/div>\t\t<\/div>\n\t\t\t\t<\/div>\n\t\t\t\t<section class=\"elementor-section elementor-inner-section elementor-element elementor-element-030bc31 elementor-section-boxed elementor-section-height-default elementor-section-height-default\" data-id=\"030bc31\" data-element_type=\"section\">\n\t\t\t\t\t\t<div class=\"elementor-container elementor-column-gap-default\">\n\t\t\t\t\t<div class=\"elementor-column elementor-col-50 elementor-inner-column elementor-element elementor-element-abd0ede\" data-id=\"abd0ede\" data-element_type=\"column\">\n\t\t\t<div class=\"elementor-widget-wrap elementor-element-populated\">\n\t\t\t\t\t\t\t\t<div class=\"elementor-element elementor-element-22222bc elementor-widget elementor-widget-image\" data-id=\"22222bc\" data-element_type=\"widget\" data-widget_type=\"image.default\">\n\t\t\t\t<div class=\"elementor-widget-container\">\n\t\t\t<style>\/*! elementor - v3.17.0 - 08-11-2023 *\/\n.elementor-widget-image{text-align:center}.elementor-widget-image a{display:inline-block}.elementor-widget-image a img[src$=\".svg\"]{width:48px}.elementor-widget-image img{vertical-align:middle;display:inline-block}<\/style>\t\t\t\t\t\t\t\t\t\t\t\t<img loading=\"lazy\" decoding=\"async\" width=\"578\" height=\"351\" src=\"https:\/\/landing.r-2.ca\/wp-content\/uploads\/2023\/10\/logo-r2.png\" class=\"attachment-large size-large wp-image-184\" alt=\"\" srcset=\"https:\/\/landing.r-2.ca\/wp-content\/uploads\/2023\/10\/logo-r2.png 578w, https:\/\/landing.r-2.ca\/wp-content\/uploads\/2023\/10\/logo-r2-300x182.png 300w\" sizes=\"auto, (max-width: 578px) 100vw, 578px\" \/>\t\t\t\t\t\t\t\t\t\t\t\t\t\t\t<\/div>\n\t\t\t\t<\/div>\n\t\t\t\t\t<\/div>\n\t\t<\/div>\n\t\t\t\t<div class=\"elementor-column elementor-col-50 elementor-inner-column elementor-element elementor-element-f4cf81b\" data-id=\"f4cf81b\" data-element_type=\"column\">\n\t\t\t<div class=\"elementor-widget-wrap elementor-element-populated\">\n\t\t\t\t\t\t\t\t<div class=\"elementor-element elementor-element-9701b8b elementor-widget elementor-widget-heading\" data-id=\"9701b8b\" data-element_type=\"widget\" data-widget_type=\"heading.default\">\n\t\t\t\t<div class=\"elementor-widget-container\">\n\t\t\t<style>\/*! elementor - v3.17.0 - 08-11-2023 *\/\n.elementor-heading-title{padding:0;margin:0;line-height:1}.elementor-widget-heading .elementor-heading-title[class*=elementor-size-]>a{color:inherit;font-size:inherit;line-height:inherit}.elementor-widget-heading .elementor-heading-title.elementor-size-small{font-size:15px}.elementor-widget-heading .elementor-heading-title.elementor-size-medium{font-size:19px}.elementor-widget-heading .elementor-heading-title.elementor-size-large{font-size:29px}.elementor-widget-heading .elementor-heading-title.elementor-size-xl{font-size:39px}.elementor-widget-heading .elementor-heading-title.elementor-size-xxl{font-size:59px}<\/style><h2 class=\"elementor-heading-title elementor-size-default\">Pour une carri\u00e8re \u00e0 la hauteur de vos ambitions<\/h2>\t\t<\/div>\n\t\t\t\t<\/div>\n\t\t\t\t<div class=\"elementor-element elementor-element-1556bde elementor-widget elementor-widget-text-editor\" data-id=\"1556bde\" data-element_type=\"widget\" data-widget_type=\"text-editor.default\">\n\t\t\t\t<div class=\"elementor-widget-container\">\n\t\t\t<style>\/*! elementor - v3.17.0 - 08-11-2023 *\/\n.elementor-widget-text-editor.elementor-drop-cap-view-stacked .elementor-drop-cap{background-color:#69727d;color:#fff}.elementor-widget-text-editor.elementor-drop-cap-view-framed .elementor-drop-cap{color:#69727d;border:3px solid;background-color:transparent}.elementor-widget-text-editor:not(.elementor-drop-cap-view-default) .elementor-drop-cap{margin-top:8px}.elementor-widget-text-editor:not(.elementor-drop-cap-view-default) .elementor-drop-cap-letter{width:1em;height:1em}.elementor-widget-text-editor .elementor-drop-cap{float:left;text-align:center;line-height:1;font-size:50px}.elementor-widget-text-editor .elementor-drop-cap-letter{display:inline-block}<\/style>\t\t\t\t<p>R2 se d\u00e9marque par ses services bilingues et diversifi\u00e9s d\u2019aide \u00e0 l\u2019emploi qui proposent des solutions adapt\u00e9es aux besoins des employeurs et individus d\u00e9sirant surmonter des changements \u2014 transition de carri\u00e8re, r\u00e9adaptation professionnelle\u2026 \u2014 depuis 2003.<\/p>\t\t\t\t\t\t<\/div>\n\t\t\t\t<\/div>\n\t\t\t\t<div class=\"elementor-element elementor-element-7a16d0a elementor-widget elementor-widget-button\" data-id=\"7a16d0a\" data-element_type=\"widget\" data-widget_type=\"button.default\">\n\t\t\t\t<div class=\"elementor-widget-container\">\n\t\t\t\t\t<div class=\"elementor-button-wrapper\">\n\t\t\t<a class=\"elementor-button elementor-button-link elementor-size-sm\" href=\"https:\/\/r-2.ca\/fr\/\" target=\"_blank\">\n\t\t\t\t\t\t<span class=\"elementor-button-content-wrapper\">\n\t\t\t\t\t\t<span class=\"elementor-button-text\">R2 Solutions Emplois<\/span>\n\t\t<\/span>\n\t\t\t\t\t<\/a>\n\t\t<\/div>\n\t\t\t\t<\/div>\n\t\t\t\t<\/div>\n\t\t\t\t\t<\/div>\n\t\t<\/div>\n\t\t\t\t\t\t\t<\/div>\n\t\t<\/section>\n\t\t\t\t<section class=\"elementor-section elementor-inner-section elementor-element elementor-element-e516d51 elementor-section-boxed elementor-section-height-default elementor-section-height-default\" data-id=\"e516d51\" data-element_type=\"section\">\n\t\t\t\t\t\t<div class=\"elementor-container elementor-column-gap-default\">\n\t\t\t\t\t<div class=\"elementor-column elementor-col-50 elementor-inner-column elementor-element elementor-element-1af5ee6\" data-id=\"1af5ee6\" data-element_type=\"column\">\n\t\t\t<div class=\"elementor-widget-wrap elementor-element-populated\">\n\t\t\t\t\t\t\t\t<div class=\"elementor-element elementor-element-3de0018 elementor-widget elementor-widget-image\" data-id=\"3de0018\" data-element_type=\"widget\" data-widget_type=\"image.default\">\n\t\t\t\t<div class=\"elementor-widget-container\">\n\t\t\t\t\t\t\t\t\t\t\t\t\t\t\t<img loading=\"lazy\" decoding=\"async\" width=\"614\" height=\"190\" src=\"https:\/\/landing.r-2.ca\/wp-content\/uploads\/2023\/10\/logo-hr.png\" class=\"attachment-large size-large wp-image-182\" alt=\"\" srcset=\"https:\/\/landing.r-2.ca\/wp-content\/uploads\/2023\/10\/logo-hr.png 614w, https:\/\/landing.r-2.ca\/wp-content\/uploads\/2023\/10\/logo-hr-300x93.png 300w\" sizes=\"auto, (max-width: 614px) 100vw, 614px\" \/>\t\t\t\t\t\t\t\t\t\t\t\t\t\t\t<\/div>\n\t\t\t\t<\/div>\n\t\t\t\t\t<\/div>\n\t\t<\/div>\n\t\t\t\t<div class=\"elementor-column elementor-col-50 elementor-inner-column elementor-element elementor-element-050a0e4\" data-id=\"050a0e4\" data-element_type=\"column\">\n\t\t\t<div class=\"elementor-widget-wrap elementor-element-populated\">\n\t\t\t\t\t\t\t\t<div class=\"elementor-element elementor-element-1d95884 elementor-widget elementor-widget-heading\" data-id=\"1d95884\" data-element_type=\"widget\" data-widget_type=\"heading.default\">\n\t\t\t\t<div class=\"elementor-widget-container\">\n\t\t\t<h2 class=\"elementor-heading-title elementor-size-default\">Votre capital humain au coeur de votre r\u00e9ussite<\/h2>\t\t<\/div>\n\t\t\t\t<\/div>\n\t\t\t\t<div class=\"elementor-element elementor-element-990cc30 elementor-widget elementor-widget-text-editor\" data-id=\"990cc30\" data-element_type=\"widget\" data-widget_type=\"text-editor.default\">\n\t\t\t\t<div class=\"elementor-widget-container\">\n\t\t\t\t\t\t\t<p>Mes partenaires RH assurent l\u2019optimisation des ressources humaines pour rendre les entreprises de l\u2019est du Canada plus agiles, efficaces, r\u00e9silientes et concurrentielles. Nos services bilingues et diversifi\u00e9s font la diff\u00e9rence aupr\u00e8s des entreprises en qu\u00eate de r\u00e9ussite organisationnelle et d\u2019un partenaire RH fiable.<\/p>\t\t\t\t\t\t<\/div>\n\t\t\t\t<\/div>\n\t\t\t\t<div class=\"elementor-element elementor-element-1b014b3 elementor-widget elementor-widget-button\" data-id=\"1b014b3\" data-element_type=\"widget\" data-widget_type=\"button.default\">\n\t\t\t\t<div class=\"elementor-widget-container\">\n\t\t\t\t\t<div class=\"elementor-button-wrapper\">\n\t\t\t<a class=\"elementor-button elementor-button-link elementor-size-sm\" href=\"https:\/\/mhrp.pro\/\" target=\"_blank\">\n\t\t\t\t\t\t<span class=\"elementor-button-content-wrapper\">\n\t\t\t\t\t\t<span class=\"elementor-button-text\">Mes partenaires RH<\/span>\n\t\t<\/span>\n\t\t\t\t\t<\/a>\n\t\t<\/div>\n\t\t\t\t<\/div>\n\t\t\t\t<\/div>\n\t\t\t\t\t<\/div>\n\t\t<\/div>\n\t\t\t\t\t\t\t<\/div>\n\t\t<\/section>\n\t\t\t\t\t<\/div>\n\t\t<\/div>\n\t\t\t\t\t\t\t<\/div>\n\t\t<\/section>\n\t\t\t\t\t\t\t<\/div>","protected":false},"excerpt":{"rendered":"<p>Pour une carri\u00e8re \u00e0 la hauteur de vos ambitions R2 se d\u00e9marque par ses services bilingues et diversifi\u00e9s d\u2019aide \u00e0 l\u2019emploi qui proposent des solutions adapt\u00e9es aux besoins des employeurs et individus d\u00e9sirant surmonter des changements \u2014 transition de carri\u00e8re, r\u00e9adaptation professionnelle\u2026 \u2014 depuis 2003. R2 Solutions Emplois Votre capital humain au coeur de votre [&hellip;]<\/p>\n","protected":false},"author":2,"featured_media":0,"parent":0,"menu_order":0,"comment_status":"closed","ping_status":"closed","template":"elementor_canvas","meta":{"inline_featured_image":false,"footnotes":""},"class_list":["post-170","page","type-page","status-publish","hentry"],"yoast_head":"<!-- This site is optimized with the Yoast SEO plugin v21.5 - https:\/\/yoast.com\/wordpress\/plugins\/seo\/ -->\n<title>Landing Page \u2013 Octobre 2023 - R2<\/title>\n<meta name=\"robots\" content=\"index, follow, max-snippet:-1, max-image-preview:large, max-video-preview:-1\" \/>\n<link rel=\"canonical\" href=\"https:\/\/landing.r-2.ca\/index.php\/landing-page-octobre-2023\/\" \/>\n<meta property=\"og:locale\" content=\"fr_FR\" \/>\n<meta property=\"og:type\" content=\"article\" \/>\n<meta property=\"og:title\" content=\"Landing Page \u2013 Octobre 2023 - R2\" \/>\n<meta property=\"og:description\" content=\"Pour une carri\u00e8re \u00e0 la hauteur de vos ambitions R2 se d\u00e9marque par ses services bilingues et diversifi\u00e9s d\u2019aide \u00e0 l\u2019emploi qui proposent des solutions adapt\u00e9es aux besoins des employeurs et individus d\u00e9sirant surmonter des changements \u2014 transition de carri\u00e8re, r\u00e9adaptation professionnelle\u2026 \u2014 depuis 2003. R2 Solutions Emplois Votre capital humain au coeur de votre [&hellip;]\" \/>\n<meta property=\"og:url\" content=\"https:\/\/landing.r-2.ca\/index.php\/landing-page-octobre-2023\/\" \/>\n<meta property=\"og:site_name\" content=\"R2\" \/>\n<meta property=\"article:modified_time\" content=\"2023-10-31T14:01:10+00:00\" \/>\n<meta property=\"og:image\" content=\"http:\/\/landing.r-2.ca\/wp-content\/uploads\/2023\/10\/logo-r2.png\" \/>\n<meta name=\"twitter:card\" content=\"summary_large_image\" \/>\n<meta name=\"twitter:label1\" content=\"Dur\u00e9e de lecture estim\u00e9e\" \/>\n\t<meta name=\"twitter:data1\" content=\"1 minute\" \/>\n<script type=\"application\/ld+json\" class=\"yoast-schema-graph\">{\"@context\":\"https:\/\/schema.org\",\"@graph\":[{\"@type\":\"WebPage\",\"@id\":\"https:\/\/landing.r-2.ca\/index.php\/landing-page-octobre-2023\/\",\"url\":\"https:\/\/landing.r-2.ca\/index.php\/landing-page-octobre-2023\/\",\"name\":\"Landing Page \u2013 Octobre 2023 - R2\",\"isPartOf\":{\"@id\":\"https:\/\/landing.r-2.ca\/#website\"},\"datePublished\":\"2023-10-23T12:53:05+00:00\",\"dateModified\":\"2023-10-31T14:01:10+00:00\",\"breadcrumb\":{\"@id\":\"https:\/\/landing.r-2.ca\/index.php\/landing-page-octobre-2023\/#breadcrumb\"},\"inLanguage\":\"fr-FR\",\"potentialAction\":[{\"@type\":\"ReadAction\",\"target\":[\"https:\/\/landing.r-2.ca\/index.php\/landing-page-octobre-2023\/\"]}]},{\"@type\":\"BreadcrumbList\",\"@id\":\"https:\/\/landing.r-2.ca\/index.php\/landing-page-octobre-2023\/#breadcrumb\",\"itemListElement\":[{\"@type\":\"ListItem\",\"position\":1,\"name\":\"Accueil\",\"item\":\"https:\/\/landing.r-2.ca\/\"},{\"@type\":\"ListItem\",\"position\":2,\"name\":\"Landing Page \u2013 Octobre 2023\"}]},{\"@type\":\"WebSite\",\"@id\":\"https:\/\/landing.r-2.ca\/#website\",\"url\":\"https:\/\/landing.r-2.ca\/\",\"name\":\"R2\",\"description\":\"Employment Solutions - Solutions Emplois\",\"potentialAction\":[{\"@type\":\"SearchAction\",\"target\":{\"@type\":\"EntryPoint\",\"urlTemplate\":\"https:\/\/landing.r-2.ca\/?s={search_term_string}\"},\"query-input\":\"required name=search_term_string\"}],\"inLanguage\":\"fr-FR\"}]}<\/script>\n<!-- \/ Yoast SEO plugin. -->","yoast_head_json":{"title":"Landing Page \u2013 Octobre 2023 - R2","robots":{"index":"index","follow":"follow","max-snippet":"max-snippet:-1","max-image-preview":"max-image-preview:large","max-video-preview":"max-video-preview:-1"},"canonical":"https:\/\/landing.r-2.ca\/index.php\/landing-page-octobre-2023\/","og_locale":"fr_FR","og_type":"article","og_title":"Landing Page \u2013 Octobre 2023 - R2","og_description":"Pour une carri\u00e8re \u00e0 la hauteur de vos ambitions R2 se d\u00e9marque par ses services bilingues et diversifi\u00e9s d\u2019aide \u00e0 l\u2019emploi qui proposent des solutions adapt\u00e9es aux besoins des employeurs et individus d\u00e9sirant surmonter des changements \u2014 transition de carri\u00e8re, r\u00e9adaptation professionnelle\u2026 \u2014 depuis 2003. R2 Solutions Emplois Votre capital humain au coeur de votre [&hellip;]","og_url":"https:\/\/landing.r-2.ca\/index.php\/landing-page-octobre-2023\/","og_site_name":"R2","article_modified_time":"2023-10-31T14:01:10+00:00","og_image":[{"url":"http:\/\/landing.r-2.ca\/wp-content\/uploads\/2023\/10\/logo-r2.png"}],"twitter_card":"summary_large_image","twitter_misc":{"Dur\u00e9e de lecture estim\u00e9e":"1 minute"},"schema":{"@context":"https:\/\/schema.org","@graph":[{"@type":"WebPage","@id":"https:\/\/landing.r-2.ca\/index.php\/landing-page-octobre-2023\/","url":"https:\/\/landing.r-2.ca\/index.php\/landing-page-octobre-2023\/","name":"Landing Page \u2013 Octobre 2023 - R2","isPartOf":{"@id":"https:\/\/landing.r-2.ca\/#website"},"datePublished":"2023-10-23T12:53:05+00:00","dateModified":"2023-10-31T14:01:10+00:00","breadcrumb":{"@id":"https:\/\/landing.r-2.ca\/index.php\/landing-page-octobre-2023\/#breadcrumb"},"inLanguage":"fr-FR","potentialAction":[{"@type":"ReadAction","target":["https:\/\/landing.r-2.ca\/index.php\/landing-page-octobre-2023\/"]}]},{"@type":"BreadcrumbList","@id":"https:\/\/landing.r-2.ca\/index.php\/landing-page-octobre-2023\/#breadcrumb","itemListElement":[{"@type":"ListItem","position":1,"name":"Accueil","item":"https:\/\/landing.r-2.ca\/"},{"@type":"ListItem","position":2,"name":"Landing Page \u2013 Octobre 2023"}]},{"@type":"WebSite","@id":"https:\/\/landing.r-2.ca\/#website","url":"https:\/\/landing.r-2.ca\/","name":"R2","description":"Employment Solutions - Solutions Emplois","potentialAction":[{"@type":"SearchAction","target":{"@type":"EntryPoint","urlTemplate":"https:\/\/landing.r-2.ca\/?s={search_term_string}"},"query-input":"required name=search_term_string"}],"inLanguage":"fr-FR"}]}},"_links":{"self":[{"href":"https:\/\/landing.r-2.ca\/index.php\/wp-json\/wp\/v2\/pages\/170","targetHints":{"allow":["GET"]}}],"collection":[{"href":"https:\/\/landing.r-2.ca\/index.php\/wp-json\/wp\/v2\/pages"}],"about":[{"href":"https:\/\/landing.r-2.ca\/index.php\/wp-json\/wp\/v2\/types\/page"}],"author":[{"embeddable":true,"href":"https:\/\/landing.r-2.ca\/index.php\/wp-json\/wp\/v2\/users\/2"}],"replies":[{"embeddable":true,"href":"https:\/\/landing.r-2.ca\/index.php\/wp-json\/wp\/v2\/comments?post=170"}],"version-history":[{"count":37,"href":"https:\/\/landing.r-2.ca\/index.php\/wp-json\/wp\/v2\/pages\/170\/revisions"}],"predecessor-version":[{"id":230,"href":"https:\/\/landing.r-2.ca\/index.php\/wp-json\/wp\/v2\/pages\/170\/revisions\/230"}],"wp:attachment":[{"href":"https:\/\/landing.r-2.ca\/index.php\/wp-json\/wp\/v2\/media?parent=170"}],"curies":[{"name":"wp","href":"https:\/\/api.w.org\/{rel}","templated":true}]}}